{"id":676,"date":"2018-09-17T17:13:27","date_gmt":"2018-09-17T15:13:27","guid":{"rendered":"https:\/\/www.archimedes-gs.de\/?page_id=676"},"modified":"2022-10-27T10:10:43","modified_gmt":"2022-10-27T08:10:43","slug":"impressum","status":"publish","type":"page","link":"https:\/\/archimedes-gs.de\/?page_id=676","title":{"rendered":"Impressum"},"content":{"rendered":"\n<h1 class=\"wp-block-heading\"><\/h1>\n\n\n\n<h2 class=\"wp-block-heading\">Angaben gem\u00e4\u00df \u00a7 5 TMG<\/h2>\n\n\n\n<p>Archimedes Schultr\u00e4ger gUG (haftungsbeschr\u00e4nkt)<br>Hauptstra\u00dfe 12<br>03159 Nei\u00dfe-Malxetal<\/p>\n\n\n\n<p>Handelsregister: HRB 9210<br>Registergericht: Amtsgericht Cottbus<\/p>\n\n\n\n<p><strong>Vertreten durch:<\/strong><br>Katrin Daunke-B\u00f6hm<\/p>\n\n\n\n<p><strong>Umsatzsteuer-ID:<\/strong><br>Umsatzsteuer-Identifikationsnummer nach \u00a727a Umsatzsteuergesetz:<br>DE293142933<\/p>\n\n\n\n<h2 class=\"wp-block-heading\">Kontakt<\/h2>\n\n\n\n<p>Telefon: 03562\/9269993<br>Telefax: 03562\/9269995<br>E-Mail: info@archimedes-gs.de<\/p>\n\n\n\n<h2 class=\"wp-block-heading\">Redaktionell verantwortlich<\/h2>\n\n\n\n<p>Daniel B\u00f6hm<br>Hauptstra\u00dfe 12<br>03159 Nei\u00dfe-Malxetal<\/p>\n\n\n\n<h2 class=\"wp-block-heading\">Verbraucher\u00adstreit\u00adbeilegung\/Universal\u00adschlichtungs\u00adstelle<\/h2>\n\n\n\n<p>Wir sind nicht bereit oder verpflichtet, an Streitbeilegungsverfahren vor einer Verbraucherschlichtungsstelle teilzunehmen.<\/p>\n","protected":false},"excerpt":{"rendered":"<p>Angaben gem\u00e4\u00df \u00a7 5 TMG Archimedes Schultr\u00e4ger gUG (haftungsbeschr\u00e4nkt)Hauptstra\u00dfe 1203159 Nei\u00dfe-Malxetal Handelsregister: HRB 9210Registergericht: Amtsgericht Cottbus Vertreten durch:Katrin Daunke-B\u00f6hm Umsatzsteuer-ID:Umsatzsteuer-Identifikationsnummer nach \u00a727a Umsatzsteuergesetz:DE293142933 Kontakt Telefon: 03562\/9269993Telefax: 03562\/9269995E-Mail: info@archimedes-gs.de Redaktionell verantwortlich Daniel B\u00f6hmHauptstra\u00dfe 1203159 Nei\u00dfe-Malxetal Verbraucher\u00adstreit\u00adbeilegung\/Universal\u00adschlichtungs\u00adstelle Wir sind nicht bereit oder <span class=\"excerpt-dots\">&hellip;<\/span> <a class=\"more-link\" href=\"https:\/\/archimedes-gs.de\/?page_id=676\"><span class=\"more-msg\">Weiterlesen &rarr;<\/span><\/a><\/p>\n","protected":false},"author":1,"featured_media":0,"parent":0,"menu_order":0,"comment_status":"closed","ping_status":"closed","template":"","meta":{"jetpack_post_was_ever_published":false,"footnotes":""},"class_list":["post-676","page","type-page","status-publish","hentry"],"jetpack_shortlink":"https:\/\/wp.me\/P9XTHq-aU","jetpack_sharing_enabled":true,"_links":{"self":[{"href":"https:\/\/archimedes-gs.de\/index.php?rest_route=\/wp\/v2\/pages\/676","targetHints":{"allow":["GET"]}}],"collection":[{"href":"https:\/\/archimedes-gs.de\/index.php?rest_route=\/wp\/v2\/pages"}],"about":[{"href":"https:\/\/archimedes-gs.de\/index.php?rest_route=\/wp\/v2\/types\/page"}],"author":[{"embeddable":true,"href":"https:\/\/archimedes-gs.de\/index.php?rest_route=\/wp\/v2\/users\/1"}],"replies":[{"embeddable":true,"href":"https:\/\/archimedes-gs.de\/index.php?rest_route=%2Fwp%2Fv2%2Fcomments&post=676"}],"version-history":[{"count":4,"href":"https:\/\/archimedes-gs.de\/index.php?rest_route=\/wp\/v2\/pages\/676\/revisions"}],"predecessor-version":[{"id":3001,"href":"https:\/\/archimedes-gs.de\/index.php?rest_route=\/wp\/v2\/pages\/676\/revisions\/3001"}],"wp:attachment":[{"href":"https:\/\/archimedes-gs.de\/index.php?rest_route=%2Fwp%2Fv2%2Fmedia&parent=676"}],"curies":[{"name":"wp","href":"https:\/\/api.w.org\/{rel}","templated":true}]}}