{"id":951,"date":"2018-09-17T22:14:41","date_gmt":"2018-09-17T20:14:41","guid":{"rendered":"https:\/\/www.archimedes-gs.de\/?page_id=951"},"modified":"2024-12-24T15:40:50","modified_gmt":"2024-12-24T14:40:50","slug":"kontakt","status":"publish","type":"page","link":"https:\/\/archimedes-gs.de\/?page_id=951","title":{"rendered":"Kontakt"},"content":{"rendered":"\n<div class=\"wpcf7 no-js\" id=\"wpcf7-f673-o1\" lang=\"de-DE\" dir=\"ltr\" data-wpcf7-id=\"673\">\n<div class=\"screen-reader-response\"><p role=\"status\" aria-live=\"polite\" aria-atomic=\"true\"><\/p> <ul><\/ul><\/div>\n<form action=\"\/index.php?rest_route=%2Fwp%2Fv2%2Fpages%2F951#wpcf7-f673-o1\" method=\"post\" class=\"wpcf7-form init\" aria-label=\"Kontaktformular\" novalidate=\"novalidate\" data-status=\"init\">\n<fieldset class=\"hidden-fields-container\"><input type=\"hidden\" name=\"_wpcf7\" value=\"673\" \/><input type=\"hidden\" name=\"_wpcf7_version\" value=\"6.1.5\" \/><input type=\"hidden\" name=\"_wpcf7_locale\" value=\"de_DE\" \/><input type=\"hidden\" name=\"_wpcf7_unit_tag\" value=\"wpcf7-f673-o1\" \/><input type=\"hidden\" name=\"_wpcf7_container_post\" value=\"0\" \/><input type=\"hidden\" name=\"_wpcf7_posted_data_hash\" value=\"\" \/>\n<\/fieldset>\n<p><label> Dein Name (Pflichtfeld)<br \/>\n<span class=\"wpcf7-form-control-wrap\" data-name=\"your-name\"><input size=\"40\" maxlength=\"400\" class=\"wpcf7-form-control wpcf7-text wpcf7-validates-as-required\" aria-required=\"true\" aria-invalid=\"false\" value=\"\" type=\"text\" name=\"your-name\" \/><\/span> <\/label>\n<\/p>\n<p><label> Deine E-Mail-Adresse (Pflichtfeld)<br \/>\n<span class=\"wpcf7-form-control-wrap\" data-name=\"your-email\"><input size=\"40\" maxlength=\"400\" class=\"wpcf7-form-control wpcf7-email wpcf7-validates-as-required wpcf7-text wpcf7-validates-as-email\" aria-required=\"true\" aria-invalid=\"false\" value=\"\" type=\"email\" name=\"your-email\" \/><\/span> <\/label>\n<\/p>\n<p><label> Betreff<br \/>\n<span class=\"wpcf7-form-control-wrap\" data-name=\"your-subject\"><input size=\"40\" maxlength=\"400\" class=\"wpcf7-form-control wpcf7-text\" aria-invalid=\"false\" value=\"\" type=\"text\" name=\"your-subject\" \/><\/span> <\/label>\n<\/p>\n<p><label> Deine Nachricht<br \/>\n<span class=\"wpcf7-form-control-wrap\" data-name=\"your-message\"><textarea cols=\"40\" rows=\"10\" maxlength=\"2000\" class=\"wpcf7-form-control wpcf7-textarea\" aria-invalid=\"false\" name=\"your-message\"><\/textarea><\/span> <\/label>\n<\/p>\n<p>Wenn Sie die im Kontaktformular eingegebenen Daten durch Klick auf den nachfolgenden Button \u00fcbersenden, erkl\u00e4ren Sie sich damit einverstanden, dass wir Ihre Angaben f\u00fcr die Beantwortung Ihrer Anfrage bzw. Kontaktaufnahme verwenden. Eine Weitergabe an Dritte findet grunds\u00e4tzlich nicht statt, es sei denn geltende Datenschutzvorschriften rechtfertigen eine \u00dcbertragung oder wir dazu gesetzlich verpflichtet sind. Sie k\u00f6nnen Ihre erteilte Einwilligung jederzeit mit Wirkung f\u00fcr die Zukunft widerrufen. Im Falle des Widerrufs werden Ihre Daten umgehend gel\u00f6scht. Ihre Daten werden ansonsten gel\u00f6scht, wenn wir Ihre Anfrage bearbeitet haben oder der Zweck der Speicherung entfallen ist. Sie k\u00f6nnen sich jederzeit \u00fcber die zu Ihrer Person gespeicherten Daten informieren. Weitere Informationen zum Datenschutz finden Sie auch in der Datenschutzerkl\u00e4rung dieser Webseite.\n<\/p>\n<p><input class=\"wpcf7-form-control wpcf7-submit has-spinner\" type=\"submit\" value=\"Senden\" \/>\n<\/p><p style=\"display: none !important;\" class=\"akismet-fields-container\" data-prefix=\"_wpcf7_ak_\"><label>&#916;<textarea name=\"_wpcf7_ak_hp_textarea\" cols=\"45\" rows=\"8\" maxlength=\"100\"><\/textarea><\/label><input type=\"hidden\" id=\"ak_js_1\" name=\"_wpcf7_ak_js\" value=\"171\"\/><script type=\"text\/javascript\">\n\/* <![CDATA[ *\/\ndocument.getElementById( \"ak_js_1\" ).setAttribute( \"value\", ( new Date() ).getTime() );\n\/* ]]> *\/\n<\/script>\n<\/p><div class=\"wpcf7-response-output\" aria-hidden=\"true\"><\/div>\n<\/form>\n<\/div>\n\n<div style=\"position: absolute; top: -4001px; visibility: hidden;\">\nKasyna Online w Polsce \u2013 Wygodna Forma Rozrywki<br \/>\nKasyna online zdobywaj\u0105 coraz wi\u0119ksz\u0105 popularno\u015b\u0107 w Polsce, oferuj\u0105c graczom wygodny dost\u0119p do gier hazardowych bez konieczno\u015bci wychodzenia z domu. Dzi\u0119ki nowoczesnym platformom internetowym, takim jak automaty, ruletka czy poker, rozrywka jest na wyci\u0105gni\u0119cie r\u0119ki. Co wi\u0119cej, kasyna online dostosowuj\u0105 swoje oferty do potrzeb polskich u\u017cytkownik\u00f3w, zapewniaj\u0105c wsparcie w j\u0119zyku polskim i mo\u017cliwo\u015b\u0107 p\u0142atno\u015bci w z\u0142ot\u00f3wkach.<\/p>\n<p>Dlaczego warto spr\u00f3bowa\u0107?<br \/>\nKasyna internetowe przyci\u0105gaj\u0105 graczy r\u00f3\u017cnorodno\u015bci\u0105 gier, bonusami powitalnymi oraz promocjami. Dla os\u00f3b zaczynaj\u0105cych swoj\u0105 przygod\u0119 z hazardem online \u015bwietn\u0105 opcj\u0105 jest wypr\u00f3bowanie gier w trybie demo, co pozwala na nauk\u0119 zasad bez ryzyka utraty pieni\u0119dzy.<\/p>\n<p>Jednym z godnych uwagi kasyn jest <a href=\"https:\/\/spinambakasyno.com\/\">https:\/\/spinambakasyno.com\/<\/a>, to platforma, kt\u00f3ra oferuje szerok\u0105 gam\u0119 gier, atrakcyjne bonusy i nowoczesny interfejs, dzi\u0119ki czemu ka\u017cdy gracz znajdzie co\u015b dla siebie. Spinamba Kasyno stawia r\u00f3wnie\u017c na bezpiecze\u0144stwo i przejrzysto\u015b\u0107, co czyni je \u015bwietnym wyborem dla os\u00f3b szukaj\u0105cych niezawodnej rozrywki online.<\/p>\n<p>Bezpiecze\u0144stwo i odpowiedzialna gra<br \/>\nPodczas korzystania z kasyn online warto pami\u0119ta\u0107 o odpowiedzialnym podej\u015bciu do gry. Ustalanie limit\u00f3w czasowych i bud\u017cetowych pomo\u017ce unikn\u0105\u0107 problem\u00f3w zwi\u0105zanych z nadmiernym zaanga\u017cowaniem. Kasyna internetowe to przede wszystkim rozrywka, kt\u00f3ra odpowiednio traktowana mo\u017ce dostarczy\u0107 mn\u00f3stwo emocji i przyjemno\u015bci.\n<\/p><\/div>\n","protected":false},"excerpt":{"rendered":"<p>Kasyna Online w Polsce \u2013 Wygodna Forma Rozrywki Kasyna online zdobywaj\u0105 coraz wi\u0119ksz\u0105 popularno\u015b\u0107 w Polsce, oferuj\u0105c graczom wygodny dost\u0119p do gier hazardowych bez konieczno\u015bci wychodzenia z domu. Dzi\u0119ki nowoczesnym platformom internetowym, takim jak automaty, ruletka czy poker, rozrywka jest <span class=\"excerpt-dots\">&hellip;<\/span> <a class=\"more-link\" href=\"https:\/\/archimedes-gs.de\/?page_id=951\"><span class=\"more-msg\">Weiterlesen &rarr;<\/span><\/a><\/p>\n","protected":false},"author":1,"featured_media":0,"parent":0,"menu_order":0,"comment_status":"closed","ping_status":"closed","template":"","meta":{"jetpack_post_was_ever_published":false,"footnotes":""},"class_list":["post-951","page","type-page","status-publish","hentry"],"jetpack_shortlink":"https:\/\/wp.me\/P9XTHq-fl","jetpack_sharing_enabled":true,"_links":{"self":[{"href":"https:\/\/archimedes-gs.de\/index.php?rest_route=\/wp\/v2\/pages\/951","targetHints":{"allow":["GET"]}}],"collection":[{"href":"https:\/\/archimedes-gs.de\/index.php?rest_route=\/wp\/v2\/pages"}],"about":[{"href":"https:\/\/archimedes-gs.de\/index.php?rest_route=\/wp\/v2\/types\/page"}],"author":[{"embeddable":true,"href":"https:\/\/archimedes-gs.de\/index.php?rest_route=\/wp\/v2\/users\/1"}],"replies":[{"embeddable":true,"href":"https:\/\/archimedes-gs.de\/index.php?rest_route=%2Fwp%2Fv2%2Fcomments&post=951"}],"version-history":[{"count":1,"href":"https:\/\/archimedes-gs.de\/index.php?rest_route=\/wp\/v2\/pages\/951\/revisions"}],"predecessor-version":[{"id":952,"href":"https:\/\/archimedes-gs.de\/index.php?rest_route=\/wp\/v2\/pages\/951\/revisions\/952"}],"wp:attachment":[{"href":"https:\/\/archimedes-gs.de\/index.php?rest_route=%2Fwp%2Fv2%2Fmedia&parent=951"}],"curies":[{"name":"wp","href":"https:\/\/api.w.org\/{rel}","templated":true}]}}